{"id":672,"date":"2021-04-06T12:05:26","date_gmt":"2021-04-06T12:05:26","guid":{"rendered":"https:\/\/www.euroatlanticconsulting.com\/eu-ugyek\/"},"modified":"2023-07-25T14:28:30","modified_gmt":"2023-07-25T14:28:30","slug":"eu-ugyek","status":"publish","type":"page","link":"https:\/\/www.euroatlanticconsulting.com\/hu\/eu-ugyek\/","title":{"rendered":"EU-\u00fcgyek"},"content":{"rendered":"<p>[et_pb_section fb_built=&#8221;1&#8243; module_id=&#8221;top&#8221; _builder_version=&#8221;4.0.9&#8243; background_image=&#8221;https:\/\/www.euroatlanticconsulting.com\/wp-content\/uploads\/2021\/05\/Group-289.png&#8221; height=&#8221;500px&#8221; height_tablet=&#8221;&#8221; height_phone=&#8221;300px&#8221; height_last_edited=&#8221;on|desktop&#8221;][et_pb_row _builder_version=&#8221;4.0.9&#8243; custom_margin=&#8221;180px|auto||auto|false|false&#8221; custom_margin_tablet=&#8221;&#8221; custom_margin_phone=&#8221;70px||||false|false&#8221; custom_margin_last_edited=&#8221;on|phone&#8221;][et_pb_column type=&#8221;4_4&#8243; _builder_version=&#8221;4.0.9&#8243;][et_pb_text _builder_version=&#8221;4.0.9&#8243; text_font=&#8221;|600|||||||&#8221; text_text_color=&#8221;#ffffff&#8221; text_font_size=&#8221;28px&#8221; background_color=&#8221;#980321&#8243; custom_margin=&#8221;|500px|||false|false&#8221; custom_margin_tablet=&#8221;|200px|||false|false&#8221; custom_margin_phone=&#8221;|0px||-15px|false|false&#8221; custom_margin_last_edited=&#8221;on|phone&#8221; custom_padding=&#8221;35px||35px|50px|false|false&#8221; custom_padding_tablet=&#8221;&#8221; custom_padding_phone=&#8221;|||25px|false|false&#8221; custom_padding_last_edited=&#8221;on|phone&#8221; border_radii=&#8221;off|10px|50px|10px|50px&#8221;]<\/p>\n<p>EU-\u00fcgyek<\/p>\n<p>[\/et_pb_text][\/et_pb_column][\/et_pb_row][\/et_pb_section][et_pb_section fb_built=&#8221;1&#8243; custom_padding_last_edited=&#8221;on|tablet&#8221; _builder_version=&#8221;4.0.9&#8243; custom_margin=&#8221;||||false|false&#8221; custom_padding=&#8221;||||false|false&#8221; custom_padding_tablet=&#8221;||0px||false|false&#8221; custom_padding_phone=&#8221;&#8221;][et_pb_row _builder_version=&#8221;4.0.9&#8243;][et_pb_column type=&#8221;4_4&#8243; _builder_version=&#8221;4.0.9&#8243;][et_pb_text _builder_version=&#8221;4.0.9&#8243; text_font=&#8221;Gentium Book Basic||||||||&#8221; text_font_size=&#8221;20px&#8221; text_font_size_tablet=&#8221;&#8221; text_font_size_phone=&#8221;18px&#8221; text_font_size_last_edited=&#8221;on|phone&#8221;]<\/p>\n<p><span style=\"font-weight: 400;\">Strat\u00e9giai int\u00e9zm\u00e9nyi \u00e9s \u00fczleti kapcsolatokkal rendelkez\u00fcnk Br\u00fcsszelben, ezek alapj\u00e1n hasznos \u00e9s naprak\u00e9sz inform\u00e1ci\u00f3kat biztos\u00edtunk az eur\u00f3pai uni\u00f3s d\u00f6nt\u00e9shozatal folyamatair\u00f3l, k\u00fcl\u00f6n\u00f6s tekintettel a forr\u00e1sokkal, szab\u00e1lyoz\u00e1ssal \u00e9s szakpolitik\u00e1kkal kapcsolatos br\u00fcsszeli d\u00f6nt\u00e9sekre.<\/span><\/p>\n<p><span style=\"font-weight: 400;\">C\u00e9g\u00fcnk inform\u00e1ci\u00f3kat szolg\u00e1ltat a k\u00f6zponti kezel\u00e9s\u0171 br\u00fcsszeli forr\u00e1sok el\u00e9rhet\u0151s\u00e9g\u00e9r\u0151l, valamint a p\u00e1ly\u00e1zati folyamat teljes eg\u00e9sz\u00e9ben seg\u00edtj\u00fck \u00fcgyfeleinket a projektel\u0151k\u00e9sz\u00edt\u00e9st\u0151l a konzorciumok \u00f6ssze\u00e1ll\u00edt\u00e1s\u00e1n \u00e1t a p\u00e1ly\u00e1zatok beny\u00fajt\u00e1s\u00e1ig.<\/span><\/p>\n<p><span style=\"font-weight: 400;\">Szak\u00e9rt\u0151ink sz\u00e9les k\u00f6r\u0171 tapasztalattal rendelkeznek az eur\u00f3pai uni\u00f3s forr\u00e1sokhoz kapcsol\u00f3d\u00f3 \u00e1tfog\u00f3 projektkoordin\u00e1ci\u00f3ban \u00e9s projektmenedzsmentben.<\/span><\/p>\n<p>[\/et_pb_text][\/et_pb_column][\/et_pb_row][\/et_pb_section][et_pb_section fb_built=&#8221;1&#8243; _builder_version=&#8221;4.0.9&#8243; custom_padding=&#8221;0px|||||&#8221;][et_pb_row _builder_version=&#8221;4.0.9&#8243;][et_pb_column type=&#8221;4_4&#8243; _builder_version=&#8221;4.0.9&#8243;][et_pb_text _builder_version=&#8221;4.0.9&#8243; text_font=&#8221;|600|||||||&#8221; text_text_color=&#8221;#980321&#8243; text_font_size=&#8221;24px&#8221; text_orientation=&#8221;center&#8221; custom_margin_tablet=&#8221;&#8221; custom_margin_phone=&#8221;||||false|false&#8221; custom_margin_last_edited=&#8221;on|phone&#8221; text_font_size_tablet=&#8221;&#8221; text_font_size_phone=&#8221;22px&#8221; text_font_size_last_edited=&#8221;on|phone&#8221;]Amiket k\u00edn\u00e1lunk[\/et_pb_text][\/et_pb_column][\/et_pb_row][\/et_pb_section][et_pb_section fb_built=&#8221;1&#8243; fullwidth=&#8221;on&#8221; disabled_on=&#8221;on|off|off&#8221; _builder_version=&#8221;4.0.9&#8243;][et_pb_fullwidth_code _builder_version=&#8221;4.0.9&#8243; background_image=&#8221;https:\/\/www.euroatlanticconsulting.com\/wp-content\/uploads\/2021\/05\/Group-290.png&#8221; height=&#8221;200px&#8221; custom_padding=&#8221;|250px||250px|false|true&#8221; custom_padding_tablet=&#8221;|0px||0px|false|true&#8221; custom_padding_phone=&#8221;&#8221; custom_padding_last_edited=&#8221;on|desktop&#8221; hover_enabled=&#8221;0&#8243;]<div class='white' style='background:rgba(250, 250, 250, 0); border:solid 0px #f0f0f0; border-radius:5px; padding:36px 99px 36px 99px;'>\n<div id='sample_slider' class='owl-carousel sa_owl_theme ' data-slider-id='sample_slider' style='visibility:hidden;'>\n<div id='sample_slider_slide01' class='sa_hover_container' style='padding:5% 5%; margin:0px 0%; background-color:rgba(255, 255, 255, 0); '><div style=\"text-align: center; padding-bottom: 0px;\">\r\n<h3 style=\"color: #ffffff; margin: 0; padding: 0;\">Politikai \u00e9s <br \/>szakpolitikai elemz\u00e9sek<\/h3>\r\n<\/div><\/div>\n<div id='sample_slider_slide02' class='sa_hover_container' style='padding:5% 5%; margin:0px 0%; background-color:rgba(255, 255, 255, 0); '><div style=\"text-align: center; padding-bottom: 0px;\">\r\n<h3 style=\"color: #ffffff; margin: 0; padding: 0;\">Szab\u00e1lyoz\u00e1si \u00e9s <br \/>megfelel\u00e9si monitoring<\/h3>\r\n<\/div><\/div>\n<div id='sample_slider_slide03' class='sa_hover_container' style='padding:5% 5%; margin:0px 0%; background-color:rgba(255, 255, 255, 0); '><div style=\"text-align: center; padding-bottom: 0px;\">\r\n<h3 style=\"color: #ffffff; margin: 0; padding: 0;\">EU-vonatkoz\u00e1s\u00fa <br \/>\u00fcgyf\u00e9lspecifikus monitoring, <br \/>valamint jelent\u00e9sek \u00e9s elemz\u00e9sek<\/h3>\r\n\r\n<\/div><\/div>\n<div id='sample_slider_slide04' class='sa_hover_container' style='padding:5% 5%; margin:0px 0%; background-color:rgba(255, 255, 255, 0); '><div style=\"text-align: center; padding-bottom: 0px;\">\r\n<h3 style=\"color: #ffffff; margin: 0; padding: 0;\">P\u00e1ly\u00e1zat\u00edr\u00e1s<\/h3>\r\n<\/div><\/div>\n<div id='sample_slider_slide05' class='sa_hover_container' style='padding:5% 5%; margin:0px 0%; background-color:rgba(255, 255, 255, 0); '><div style=\"text-align: center; padding-bottom: 0px;\">\r\n<h3 style=\"color: #ffffff; margin: 0; padding: 0;\">Projektmenedzsment<\/h3>\r\n<\/div><\/div>\n<\/div>\n<\/div>\n<script type='text\/javascript'>\n\tjQuery(document).ready(function() {\n\t\tjQuery('#sample_slider').owlCarousel({\n\t\t\tresponsive:{\n\t\t\t\t0:{ items:1 },\n\t\t\t\t480:{ items:3 },\n\t\t\t\t768:{ items:3 },\n\t\t\t\t980:{ items:3 },\n\t\t\t\t1200:{ items:3 },\n\t\t\t\t1500:{ items:3 }\n\t\t\t},\n\t\t\tautoplay : true,\n\t\t\tautoplayTimeout : 3000,\n\t\t\tautoplayHoverPause : false,\n\t\t\tsmartSpeed : 300,\n\t\t\tfluidSpeed : 300,\n\t\t\tautoplaySpeed : 300,\n\t\t\tnavSpeed : 300,\n\t\t\tdotsSpeed : 300,\n\t\t\tloop : true,\n\t\t\tnav : false,\n\t\t\tnavText : ['Previous','Next'],\n\t\t\tdots : false,\n\t\t\tresponsiveRefreshRate : 200,\n\t\t\tslideBy : 1,\n\t\t\tmergeFit : true,\n\t\t\tautoHeight : false,\n\t\t\tstartPosition : 1,\n\t\t\tmouseDrag : false,\n\t\t\ttouchDrag : false\n\t\t});\n\t\tjQuery('#sample_slider').css('visibility', 'visible');\n\t\tvar owl_goto = jQuery('#sample_slider');\n\t\tjQuery('.sample_slider_goto1').click(function(event){\n\t\t\towl_goto.trigger('to.owl.carousel', 0);\n\t\t});\n\t\tjQuery('.sample_slider_goto2').click(function(event){\n\t\t\towl_goto.trigger('to.owl.carousel', 1);\n\t\t});\n\t\tjQuery('.sample_slider_goto3').click(function(event){\n\t\t\towl_goto.trigger('to.owl.carousel', 2);\n\t\t});\n\t\tjQuery('.sample_slider_goto4').click(function(event){\n\t\t\towl_goto.trigger('to.owl.carousel', 3);\n\t\t});\n\t\tjQuery('.sample_slider_goto5').click(function(event){\n\t\t\towl_goto.trigger('to.owl.carousel', 4);\n\t\t});\n\t\tvar resize_705 = jQuery('.owl-carousel');\n\t\tresize_705.on('initialized.owl.carousel', function(e) {\n\t\t\tif (typeof(Event) === 'function') {\n\t\t\t\twindow.dispatchEvent(new Event('resize'));\n\t\t\t} else {\n\t\t\t\tvar evt = window.document.createEvent('UIEvents');\n\t\t\t\tevt.initUIEvent('resize', true, false, window, 0);\n\t\t\t\twindow.dispatchEvent(evt);\n\t\t\t}\n\t\t});\n\t});\n<\/script>\n<!-- [et_pb_line_break_holder] -->[\/et_pb_fullwidth_code][\/et_pb_section][et_pb_section fb_built=&#8221;1&#8243; fullwidth=&#8221;on&#8221; _builder_version=&#8221;4.0.9&#8243;][et_pb_fullwidth_slider disabled_on=&#8221;off|on|on&#8221; _builder_version=&#8221;4.0.9&#8243; header_font_size=&#8221;30px&#8221; background_image=&#8221;https:\/\/www.euroatlanticconsulting.com\/wp-content\/uploads\/2021\/05\/Group-290.png&#8221; auto=&#8221;on&#8221; auto_speed=&#8221;3000&#8243; auto_ignore_hover=&#8221;on&#8221; header_font_size_tablet=&#8221;&#8221; header_font_size_phone=&#8221;30px&#8221; header_font_size_last_edited=&#8221;on|desktop&#8221;][et_pb_slide heading=&#8221;Politikai \u00e9s szakpolitikai elemz\u00e9sek&#8221; _builder_version=&#8221;4.0.9&#8243;][\/et_pb_slide][et_pb_slide heading=&#8221;Szab\u00e1lyoz\u00e1si \u00e9s megfelel\u00e9si monitoring&#8221; _builder_version=&#8221;4.0.9&#8243;][\/et_pb_slide][et_pb_slide heading=&#8221;EU-vonatkoz\u00e1s\u00fa \u00fcgyf\u00e9lspecifikus monitoring, valamint jelent\u00e9sek \u00e9s elemz\u00e9sek&#8221; _builder_version=&#8221;4.0.9&#8243;][\/et_pb_slide][et_pb_slide heading=&#8221;Projektmenedzsment&#8221; _builder_version=&#8221;4.0.9&#8243;][\/et_pb_slide][\/et_pb_fullwidth_slider][\/et_pb_section][et_pb_section fb_built=&#8221;1&#8243; custom_padding_last_edited=&#8221;on|tablet&#8221; module_class=&#8221;redarrow&#8221; _builder_version=&#8221;4.0.9&#8243; custom_margin=&#8221;||||false|false&#8221; custom_padding=&#8221;||||false|false&#8221; custom_padding_tablet=&#8221;||0px||false|false&#8221; custom_padding_phone=&#8221;&#8221;][et_pb_row _builder_version=&#8221;4.0.9&#8243;][et_pb_column type=&#8221;4_4&#8243; _builder_version=&#8221;4.0.9&#8243;][et_pb_text _builder_version=&#8221;4.0.9&#8243; text_font=&#8221;|600|||||||&#8221; text_text_color=&#8221;#980321&#8243; text_font_size=&#8221;24px&#8221; custom_margin_tablet=&#8221;&#8221; custom_margin_phone=&#8221;||||false|false&#8221; custom_margin_last_edited=&#8221;on|phone&#8221; text_font_size_tablet=&#8221;&#8221; text_font_size_phone=&#8221;22px&#8221; text_font_size_last_edited=&#8221;on|phone&#8221;]Eur\u00f3pai uni\u00f3s forr\u00e1sok[\/et_pb_text][et_pb_text _builder_version=&#8221;4.0.9&#8243; text_font=&#8221;Gentium Book Basic||||||||&#8221; text_font_size=&#8221;20px&#8221; ul_line_height=&#8221;1.4em&#8221; text_font_size_tablet=&#8221;&#8221; text_font_size_phone=&#8221;18px&#8221; text_font_size_last_edited=&#8221;on|phone&#8221;]<\/p>\n<p>Vissza nem t\u00e9r\u00edtend\u0151 t\u00e1mogat\u00e1sok elnyer\u00e9s\u00e9ben \u00e9rdekelt \u00fcgyfeleinket seg\u00edtj\u00fck abban, hogy k\u00f6zvetlen eur\u00f3pai uni\u00f3s forr\u00e1sb\u00f3l tudj\u00e1k projektjeiket megval\u00f3s\u00edtani.<\/p>\n<p>Amiket k\u00edn\u00e1lunk:<\/p>\n<ul>\n<li>Projektel\u0151k\u00e9sz\u00edt\u00e9s- \u00e9s fejleszt\u00e9s<\/li>\n<li>Nemzetk\u00f6zi partnerkeres\u00e9s<\/li>\n<li>Konzorciumi meg\u00e1llapod\u00e1sban val\u00f3 tan\u00e1csad\u00e1s<\/li>\n<li>P\u00e1ly\u00e1zati dokument\u00e1ci\u00f3 kidolgoz\u00e1sa<\/li>\n<li>P\u00e1ly\u00e1zatok kezel\u00e9se \u00e9s beny\u00fajt\u00e1sa<\/li>\n<li>Projektmenedzsment, adminisztrat\u00edv feladatok ell\u00e1t\u00e1sa<\/li>\n<\/ul>\n<p>[\/et_pb_text][\/et_pb_column][\/et_pb_row][\/et_pb_section][et_pb_section fb_built=&#8221;1&#8243; _builder_version=&#8221;4.0.9&#8243; custom_padding=&#8221;0px|||||&#8221;][et_pb_row _builder_version=&#8221;4.0.9&#8243;][et_pb_column type=&#8221;4_4&#8243; _builder_version=&#8221;4.0.9&#8243;][et_pb_button button_url=&#8221;https:\/\/www.euroatlanticconsulting.com\/hu\/&#8221; button_text=&#8221;Vissza&#8221; button_alignment=&#8221;center&#8221; _builder_version=&#8221;4.0.9&#8243; custom_button=&#8221;on&#8221; button_text_color=&#8221;#ffffff&#8221; button_bg_color=&#8221;#980321&#8243; button_border_radius=&#8221;50px&#8221; button_font=&#8221;Gentium Book Basic||||||||&#8221; button_icon=&#8221;%%35%%&#8221; button_icon_color=&#8221;#ffffff&#8221; button_icon_placement=&#8221;left&#8221; button_on_hover=&#8221;off&#8221; custom_padding=&#8221;3px|100px|3px|100px|false|false&#8221;][\/et_pb_button][\/et_pb_column][\/et_pb_row][\/et_pb_section][et_pb_section fb_built=&#8221;1&#8243; _builder_version=&#8221;4.0.9&#8243; background_color=&#8221;#232222&#8243; custom_margin=&#8221;0px||0px||false|false&#8221; custom_padding=&#8221;0px||0px||false|false&#8221;][et_pb_row _builder_version=&#8221;4.0.9&#8243; custom_padding=&#8221;||0px||false|false&#8221;][et_pb_column type=&#8221;4_4&#8243; _builder_version=&#8221;4.0.9&#8243;][et_pb_text _builder_version=&#8221;4.0.9&#8243; text_font=&#8221;Gentium Book Basic||||||||&#8221; text_text_color=&#8221;#ffffff&#8221; text_font_size=&#8221;20px&#8221; text_line_height=&#8221;1.6em&#8221; link_text_color=&#8221;#ffffff&#8221; text_orientation=&#8221;center&#8221; custom_padding=&#8221;||30px|||&#8221; text_font_size_tablet=&#8221;18px&#8221; text_font_size_phone=&#8221;16px&#8221; text_font_size_last_edited=&#8221;on|phone&#8221;]<\/p>\n<p>\u00a9 Minden jog fenntartva, 2022. | <a href=\"https:\/\/www.euroatlanticconsulting.com\/privacy-policy-2\/\" target=\"_blank\" rel=\"noopener noreferrer\" title=\"Adatv\u00e9delmi ir\u00e1nyelvek\">Adatv\u00e9delmi ir\u00e1nyelvek <\/a><\/p>\n<p>[\/et_pb_text][\/et_pb_column][\/et_pb_row][\/et_pb_section]<\/p>\n","protected":false},"excerpt":{"rendered":"<p>EU-\u00fcgyekStrat\u00e9giai int\u00e9zm\u00e9nyi \u00e9s \u00fczleti kapcsolatokkal rendelkez\u00fcnk Br\u00fcsszelben, ezek alapj\u00e1n hasznos \u00e9s naprak\u00e9sz inform\u00e1ci\u00f3kat biztos\u00edtunk az eur\u00f3pai uni\u00f3s d\u00f6nt\u00e9shozatal folyamatair\u00f3l, k\u00fcl\u00f6n\u00f6s tekintettel a forr\u00e1sokkal, szab\u00e1lyoz\u00e1ssal \u00e9s szakpolitik\u00e1kkal kapcsolatos br\u00fcsszeli d\u00f6nt\u00e9sekre. C\u00e9g\u00fcnk inform\u00e1ci\u00f3kat szolg\u00e1ltat a k\u00f6zponti kezel\u00e9s\u0171 br\u00fcsszeli forr\u00e1sok el\u00e9rhet\u0151s\u00e9g\u00e9r\u0151l, valamint a p\u00e1ly\u00e1zati folyamat teljes eg\u00e9sz\u00e9ben seg\u00edtj\u00fck \u00fcgyfeleinket a projektel\u0151k\u00e9sz\u00edt\u00e9st\u0151l a konzorciumok \u00f6ssze\u00e1ll\u00edt\u00e1s\u00e1n \u00e1t a p\u00e1ly\u00e1zatok beny\u00fajt\u00e1s\u00e1ig. [&hellip;]<\/p>\n","protected":false},"author":1,"featured_media":0,"parent":0,"menu_order":0,"comment_status":"closed","ping_status":"closed","template":"","meta":{"_et_pb_use_builder":"on","_et_pb_old_content":"","_et_gb_content_width":"","inline_featured_image":false,"footnotes":""},"class_list":["post-672","page","type-page","status-publish","hentry"],"yoast_head":"<!-- This site is optimized with the Yoast SEO plugin v24.4 - https:\/\/yoast.com\/wordpress\/plugins\/seo\/ -->\n<title>EU-\u00fcgyek - EuroAtlantic<\/title>\n<meta name=\"description\" content=\"Incorporated in 1996, EuroAtlantic is a multi-strategy consulting firm covering corporate intelligence, EU affairs, public affairs and government relations.\" \/>\n<meta name=\"robots\" content=\"index, follow, max-snippet:-1, max-image-preview:large, max-video-preview:-1\" \/>\n<link rel=\"canonical\" href=\"https:\/\/www.euroatlanticconsulting.com\/hu\/eu-ugyek\/\" \/>\n<meta property=\"og:locale\" content=\"hu_HU\" \/>\n<meta property=\"og:type\" content=\"article\" \/>\n<meta property=\"og:title\" content=\"EU-\u00fcgyek - EuroAtlantic\" \/>\n<meta property=\"og:description\" content=\"Incorporated in 1996, EuroAtlantic is a multi-strategy consulting firm covering corporate intelligence, EU affairs, public affairs and government relations.\" \/>\n<meta property=\"og:url\" content=\"https:\/\/www.euroatlanticconsulting.com\/hu\/eu-ugyek\/\" \/>\n<meta property=\"og:site_name\" content=\"EuroAtlantic\" \/>\n<meta property=\"article:modified_time\" content=\"2023-07-25T14:28:30+00:00\" \/>\n<meta name=\"twitter:card\" content=\"summary_large_image\" \/>\n<meta name=\"twitter:label1\" content=\"Becs\u00fclt olvas\u00e1si id\u0151\" \/>\n\t<meta name=\"twitter:data1\" content=\"5 perc\" \/>\n<script type=\"application\/ld+json\" class=\"yoast-schema-graph\">{\"@context\":\"https:\/\/schema.org\",\"@graph\":[{\"@type\":\"WebPage\",\"@id\":\"https:\/\/www.euroatlanticconsulting.com\/hu\/eu-ugyek\/\",\"url\":\"https:\/\/www.euroatlanticconsulting.com\/hu\/eu-ugyek\/\",\"name\":\"EU-\u00fcgyek - EuroAtlantic\",\"isPartOf\":{\"@id\":\"https:\/\/www.euroatlanticconsulting.com\/hu\/#website\"},\"datePublished\":\"2021-04-06T12:05:26+00:00\",\"dateModified\":\"2023-07-25T14:28:30+00:00\",\"description\":\"Incorporated in 1996, EuroAtlantic is a multi-strategy consulting firm covering corporate intelligence, EU affairs, public affairs and government relations.\",\"breadcrumb\":{\"@id\":\"https:\/\/www.euroatlanticconsulting.com\/hu\/eu-ugyek\/#breadcrumb\"},\"inLanguage\":\"hu\",\"potentialAction\":[{\"@type\":\"ReadAction\",\"target\":[\"https:\/\/www.euroatlanticconsulting.com\/hu\/eu-ugyek\/\"]}]},{\"@type\":\"BreadcrumbList\",\"@id\":\"https:\/\/www.euroatlanticconsulting.com\/hu\/eu-ugyek\/#breadcrumb\",\"itemListElement\":[{\"@type\":\"ListItem\",\"position\":1,\"name\":\"Home\",\"item\":\"https:\/\/www.euroatlanticconsulting.com\/hu\/\"},{\"@type\":\"ListItem\",\"position\":2,\"name\":\"EU-\u00fcgyek\"}]},{\"@type\":\"WebSite\",\"@id\":\"https:\/\/www.euroatlanticconsulting.com\/hu\/#website\",\"url\":\"https:\/\/www.euroatlanticconsulting.com\/hu\/\",\"name\":\"EuroAtlantic\",\"description\":\"Incorporated in 1996, EuroAtlantic is a multi-strategy consulting firm covering corporate intelligence, EU affairs, public affairs and government relations.\",\"publisher\":{\"@id\":\"https:\/\/www.euroatlanticconsulting.com\/hu\/#organization\"},\"potentialAction\":[{\"@type\":\"SearchAction\",\"target\":{\"@type\":\"EntryPoint\",\"urlTemplate\":\"https:\/\/www.euroatlanticconsulting.com\/hu\/?s={search_term_string}\"},\"query-input\":{\"@type\":\"PropertyValueSpecification\",\"valueRequired\":true,\"valueName\":\"search_term_string\"}}],\"inLanguage\":\"hu\"},{\"@type\":\"Organization\",\"@id\":\"https:\/\/www.euroatlanticconsulting.com\/hu\/#organization\",\"name\":\"EuroAtlantic Tan\u00e1csad\u00f3 \u00e9s Befektet\u00e9si ZRT.\",\"url\":\"https:\/\/www.euroatlanticconsulting.com\/hu\/\",\"logo\":{\"@type\":\"ImageObject\",\"inLanguage\":\"hu\",\"@id\":\"https:\/\/www.euroatlanticconsulting.com\/hu\/#\/schema\/logo\/image\/\",\"url\":\"https:\/\/www.euroatlanticconsulting.com\/wp-content\/uploads\/2021\/04\/logo_c.svg\",\"contentUrl\":\"https:\/\/www.euroatlanticconsulting.com\/wp-content\/uploads\/2021\/04\/logo_c.svg\",\"width\":269,\"height\":69,\"caption\":\"EuroAtlantic Tan\u00e1csad\u00f3 \u00e9s Befektet\u00e9si ZRT.\"},\"image\":{\"@id\":\"https:\/\/www.euroatlanticconsulting.com\/hu\/#\/schema\/logo\/image\/\"}}]}<\/script>\n<!-- \/ Yoast SEO plugin. -->","yoast_head_json":{"title":"EU-\u00fcgyek - EuroAtlantic","description":"Incorporated in 1996, EuroAtlantic is a multi-strategy consulting firm covering corporate intelligence, EU affairs, public affairs and government relations.","robots":{"index":"index","follow":"follow","max-snippet":"max-snippet:-1","max-image-preview":"max-image-preview:large","max-video-preview":"max-video-preview:-1"},"canonical":"https:\/\/www.euroatlanticconsulting.com\/hu\/eu-ugyek\/","og_locale":"hu_HU","og_type":"article","og_title":"EU-\u00fcgyek - EuroAtlantic","og_description":"Incorporated in 1996, EuroAtlantic is a multi-strategy consulting firm covering corporate intelligence, EU affairs, public affairs and government relations.","og_url":"https:\/\/www.euroatlanticconsulting.com\/hu\/eu-ugyek\/","og_site_name":"EuroAtlantic","article_modified_time":"2023-07-25T14:28:30+00:00","twitter_card":"summary_large_image","twitter_misc":{"Becs\u00fclt olvas\u00e1si id\u0151":"5 perc"},"schema":{"@context":"https:\/\/schema.org","@graph":[{"@type":"WebPage","@id":"https:\/\/www.euroatlanticconsulting.com\/hu\/eu-ugyek\/","url":"https:\/\/www.euroatlanticconsulting.com\/hu\/eu-ugyek\/","name":"EU-\u00fcgyek - EuroAtlantic","isPartOf":{"@id":"https:\/\/www.euroatlanticconsulting.com\/hu\/#website"},"datePublished":"2021-04-06T12:05:26+00:00","dateModified":"2023-07-25T14:28:30+00:00","description":"Incorporated in 1996, EuroAtlantic is a multi-strategy consulting firm covering corporate intelligence, EU affairs, public affairs and government relations.","breadcrumb":{"@id":"https:\/\/www.euroatlanticconsulting.com\/hu\/eu-ugyek\/#breadcrumb"},"inLanguage":"hu","potentialAction":[{"@type":"ReadAction","target":["https:\/\/www.euroatlanticconsulting.com\/hu\/eu-ugyek\/"]}]},{"@type":"BreadcrumbList","@id":"https:\/\/www.euroatlanticconsulting.com\/hu\/eu-ugyek\/#breadcrumb","itemListElement":[{"@type":"ListItem","position":1,"name":"Home","item":"https:\/\/www.euroatlanticconsulting.com\/hu\/"},{"@type":"ListItem","position":2,"name":"EU-\u00fcgyek"}]},{"@type":"WebSite","@id":"https:\/\/www.euroatlanticconsulting.com\/hu\/#website","url":"https:\/\/www.euroatlanticconsulting.com\/hu\/","name":"EuroAtlantic","description":"Incorporated in 1996, EuroAtlantic is a multi-strategy consulting firm covering corporate intelligence, EU affairs, public affairs and government relations.","publisher":{"@id":"https:\/\/www.euroatlanticconsulting.com\/hu\/#organization"},"potentialAction":[{"@type":"SearchAction","target":{"@type":"EntryPoint","urlTemplate":"https:\/\/www.euroatlanticconsulting.com\/hu\/?s={search_term_string}"},"query-input":{"@type":"PropertyValueSpecification","valueRequired":true,"valueName":"search_term_string"}}],"inLanguage":"hu"},{"@type":"Organization","@id":"https:\/\/www.euroatlanticconsulting.com\/hu\/#organization","name":"EuroAtlantic Tan\u00e1csad\u00f3 \u00e9s Befektet\u00e9si ZRT.","url":"https:\/\/www.euroatlanticconsulting.com\/hu\/","logo":{"@type":"ImageObject","inLanguage":"hu","@id":"https:\/\/www.euroatlanticconsulting.com\/hu\/#\/schema\/logo\/image\/","url":"https:\/\/www.euroatlanticconsulting.com\/wp-content\/uploads\/2021\/04\/logo_c.svg","contentUrl":"https:\/\/www.euroatlanticconsulting.com\/wp-content\/uploads\/2021\/04\/logo_c.svg","width":269,"height":69,"caption":"EuroAtlantic Tan\u00e1csad\u00f3 \u00e9s Befektet\u00e9si ZRT."},"image":{"@id":"https:\/\/www.euroatlanticconsulting.com\/hu\/#\/schema\/logo\/image\/"}}]}},"_links":{"self":[{"href":"https:\/\/www.euroatlanticconsulting.com\/hu\/wp-json\/wp\/v2\/pages\/672","targetHints":{"allow":["GET"]}}],"collection":[{"href":"https:\/\/www.euroatlanticconsulting.com\/hu\/wp-json\/wp\/v2\/pages"}],"about":[{"href":"https:\/\/www.euroatlanticconsulting.com\/hu\/wp-json\/wp\/v2\/types\/page"}],"author":[{"embeddable":true,"href":"https:\/\/www.euroatlanticconsulting.com\/hu\/wp-json\/wp\/v2\/users\/1"}],"replies":[{"embeddable":true,"href":"https:\/\/www.euroatlanticconsulting.com\/hu\/wp-json\/wp\/v2\/comments?post=672"}],"version-history":[{"count":8,"href":"https:\/\/www.euroatlanticconsulting.com\/hu\/wp-json\/wp\/v2\/pages\/672\/revisions"}],"predecessor-version":[{"id":707,"href":"https:\/\/www.euroatlanticconsulting.com\/hu\/wp-json\/wp\/v2\/pages\/672\/revisions\/707"}],"wp:attachment":[{"href":"https:\/\/www.euroatlanticconsulting.com\/hu\/wp-json\/wp\/v2\/media?parent=672"}],"curies":[{"name":"wp","href":"https:\/\/api.w.org\/{rel}","templated":true}]}}